{"id":231,"date":"2013-09-09T10:10:56","date_gmt":"2013-09-09T10:10:56","guid":{"rendered":"https:\/\/garni-hotel-roedelheimerhof.de\/?page_id=231"},"modified":"2024-03-05T14:25:50","modified_gmt":"2024-03-05T14:25:50","slug":"zimmer","status":"publish","type":"page","link":"https:\/\/garni-hotel-roedelheimerhof.de\/?page_id=231","title":{"rendered":"Zimmer"},"content":{"rendered":"<p>[vc_row][vc_column][vc_column_text c_id=&#8221;.vc_1542037191135&#8243;]<div id=\"metaslider-id-1703\" style=\"width: 100%; margin: 0 auto;\" class=\"ml-slider-3-109-0 metaslider metaslider-nivo metaslider-1703 ml-slider ms-theme-default\" role=\"region\" aria-label=\"Startseite\" data-height=\"400\" data-width=\"1400\">\n    <div id=\"metaslider_container_1703\">\n        <div class='slider-wrapper theme-default'><div class='ribbon'><\/div><div id='metaslider_1703' class='nivoSlider'><img src=\"https:\/\/garni-hotel-roedelheimerhof.de\/wp-content\/uploads\/rh-index-1276x364.jpg\" height=\"400\" width=\"1400\" title=\"rh-index\" alt=\"\" class=\"slider-1703 slide-1706 msDefaultImage\" \/><img src=\"https:\/\/garni-hotel-roedelheimerhof.de\/wp-content\/uploads\/hotel-frankfurt-rezeption-001-1400x400.jpg\" height=\"400\" width=\"1400\" title=\"hotel-frankfurt-rezeption-001\" alt=\"\" class=\"slider-1703 slide-2068 msDefaultImage\" \/><img src=\"https:\/\/garni-hotel-roedelheimerhof.de\/wp-content\/uploads\/hotel-frankfurt-rezeption-006-1400x400.jpg\" height=\"400\" width=\"1400\" title=\"hotel-frankfurt-rezeption-006\" alt=\"\" class=\"slider-1703 slide-2072 msDefaultImage\" \/><img src=\"https:\/\/garni-hotel-roedelheimerhof.de\/wp-content\/uploads\/hotel-frankfurt-fruehstuecksraum-001-1400x400.jpg\" height=\"400\" width=\"1400\" title=\"hotel-frankfurt-fruehstuecksraum-001\" alt=\"\" class=\"slider-1703 slide-2069 msDefaultImage\" \/><img src=\"https:\/\/garni-hotel-roedelheimerhof.de\/wp-content\/uploads\/hotel-frankfurt-fruehstuecksraum-005-1400x400.jpg\" height=\"400\" width=\"1400\" title=\"hotel-frankfurt-fruehstuecksraum-005\" alt=\"\" class=\"slider-1703 slide-2073 msDefaultImage\" \/><img src=\"https:\/\/garni-hotel-roedelheimerhof.de\/wp-content\/uploads\/Doppelbettzimmer51-1400x400.jpg\" height=\"400\" width=\"1400\" title=\"Doppelbettzimmer5\" alt=\"\" class=\"slider-1703 slide-1707 msDefaultImage\" \/><img src=\"https:\/\/garni-hotel-roedelheimerhof.de\/wp-content\/uploads\/12238292_1164647006896781_5656245165468549644_o-1400x400.jpg\" height=\"400\" width=\"1400\" title=\"12238292_1164647006896781_5656245165468549644_o\" alt=\"\" class=\"slider-1703 slide-1705 msDefaultImage\" \/><img src=\"https:\/\/garni-hotel-roedelheimerhof.de\/wp-content\/uploads\/12237966_1164646896896792_6273323633236795062_o-1400x400.jpg\" height=\"400\" width=\"1400\" title=\"12237966_1164646896896792_6273323633236795062_o\" alt=\"\" class=\"slider-1703 slide-1704 msDefaultImage\" \/><img src=\"https:\/\/garni-hotel-roedelheimerhof.de\/wp-content\/uploads\/Doppelbettzimmer5-1400x400.jpg\" height=\"400\" width=\"1400\" title=\"Doppelbettzimmer5\" alt=\"\" class=\"slider-1703 slide-1708 msDefaultImage\" \/><\/div><\/div>\n        \n    <\/div>\n<\/div>[\/vc_column_text][vc_column_text c_id=&#8221;.vc_1562600904502&#8243;]<\/p>\n<h2 style=\"color: black; text-align: center;\" align=\"center\">Direktbuchung:<\/h2>\n<div id=\"d21-quickbook\" data-d21=\"{'hasHorizontalOrientation':true}\"><\/div>\n<p>[\/vc_column_text][vc_column_text c_id=&#8221;.vc_1542037180354&#8243;]<\/p>\n<h1 style=\"text-align: center;\">Unsere Hotelzimmer<\/h1>\n<p style=\"text-align: center;\">Einzelzimmer, Doppelzimmer, Mehrbettzimmer<\/p>\n<p>[\/vc_column_text][vc_column_text c_id=&#8221;.vc_1448984709393&#8243;]Mit seinen 38 modern eingerichteten G\u00e4stezimmern, darunter sowohl Einzel- und Doppelzimmer, als auch Dreibett- und Vierbettzimmer, steht jedem Gast ein passendes Zimmer zur Verf\u00fcgung.<\/p>\n<p>Die ger\u00e4umigen, hellen G\u00e4stezimmer im Garni Hotel R\u00f6delheimer Hof bieten Ihnen alle Annehmlichkeiten, die Sie f\u00fcr Ihre Freizeit- oder Gesch\u00e4ftsreise ben\u00f6tigen. Ein Teil der Zimmer ist mit einem Balkon ausgestattet. Auf Anfrage steht Ihnen auch ein Kinderbett zur Verf\u00fcgung. Bitte sprechen Sie uns rechtzeitig auf das Kinderbett an.<\/p>\n<p>Wir w\u00fcnschen allen unseren G\u00e4sten einen angenehmen und erholsamen Aufenthalt in unserem Haus![\/vc_column_text][\/vc_column][\/vc_row][vc_row][vc_column width=&#8221;1\/2&#8243;][vc_column_text c_id=&#8221;.vc_1455021116663&#8243;]<\/p>\n<h2>Zimmerausstattungen auf einen Blick<\/h2>\n<ul>\n<li>voll ausgestattete Zimmer mit eigenem Bad \/ WC<\/li>\n<li>kostenfreies W-LAN in allen Zimmern<\/li>\n<li>kostenfreies TV in allen Zimmern<\/li>\n<li>T\u00e4gliche Zimmerreinigung und Handtuch-Service<\/li>\n<li>Toilettenartikel im Bad<\/li>\n<li>Alle Zimmer verf\u00fcgen \u00fcber einen Schreibtisch<\/li>\n<\/ul>\n<ul>\n<li>alle Zimmer verf\u00fcgen \u00fcber einen Haartrockner<\/li>\n<li>B\u00fcgeleisen an der Rezeption erh\u00e4ltlich<\/li>\n<li>Schuhputzautomat vorhanden<\/li>\n<li>Mineralwasser steht kostenfrei bereit<\/li>\n<\/ul>\n<p>[\/vc_column_text][\/vc_column][vc_column width=&#8221;1\/2&#8243;][vc_column_text c_id=&#8221;.vc_1709648741913&#8243;]<\/p>\n<h2>ESSEN &amp; TRINKEN<\/h2>\n<p>Wir servieren t\u00e4glich von 06:30- 10:30 Uhr ein reichhaltiges Fr\u00fchst\u00fccksbuffet in gem\u00fctlicher Atmosph\u00e4re<br \/>\nf\u00fcr nur 12,00 \u20ac pro Person.<\/p>\n<h2>PREISE &amp; RESERVIERUNGEN<\/h2>\n<p><strong>Preise* (exklusive Fr\u00fchst\u00fcck):<\/strong><br \/>\nEinzelzimmer ab 45,00 EUR<br \/>\nDoppelzimmer ab 65.00 EUR<br \/>\nFr\u00fcst\u00fcckspreis: 12,00 EUR[\/vc_column_text][\/vc_column][\/vc_row][vc_row][vc_column width=&#8221;1\/2&#8243;][ivan_button size=&#8221;compact&#8221; border_r=&#8221;round-square&#8221; style=&#8221;no-border&#8221; icon_area=&#8221;text&#8221; icon_pos=&#8221;right&#8221; icon_cover=&#8221;yes&#8221; template=&#8221;primary-bg&#8221; c_id=&#8221;.vc_1563190360913&#8243; btn_css=&#8221;font-weight:400;text-transform:uppercase;background-color:#b26d30;background-color-hover:#dd9933;margin-bottom:30px;&#8221; icon_css=&#8221;background-color:#a5d117;&#8221; ico_txt=&#8221;book now!&#8221; el_class=&#8221;d21-trigger-ibe&#8221;]Online Buchen[\/ivan_button][\/vc_column][vc_column width=&#8221;1\/2&#8243;][ivan_button link=&#8221;https:\/\/garni-hotel-roedelheimerhof.de\/buchungsanfrage\/&#8221; size=&#8221;compact&#8221; border_r=&#8221;round-square&#8221; style=&#8221;no-border&#8221; icon_area=&#8221;text&#8221; icon_pos=&#8221;right&#8221; icon_cover=&#8221;yes&#8221; template=&#8221;primary-bg&#8221; c_id=&#8221;.vc_1449828423957&#8243; btn_css=&#8221;font-weight:400;text-transform:uppercase;background-color:#b26d30;background-color-hover:#dd9933;margin-bottom:30px;&#8221; icon_css=&#8221;background-color:#a5d117;&#8221; ico_txt=&#8221;senden!&#8221;]Anfrage[\/ivan_button][\/vc_column][\/vc_row][vc_row][vc_column width=&#8221;1\/2&#8243;][vc_raw_html]JTNDaWZyYW1lJTIwc3JjJTNEJTIyaHR0cHMlM0ElMkYlMkZ3d3cuZ29vZ2xlLmNvbSUyRm1hcHMlMkZlbWJlZCUzRnBiJTNEJTIxNHYxNTYzMTEwOTM3NzUzJTIxNm04JTIxMW03JTIxMXNDQW9TTEVGR01WRnBjRkJKV21kTGVXWjRlRGR4YlRablgxOW5hWGhKUkhVeFYyaFdaV3B1TkVKdk1qaG5ibTlvJTIxMm0yJTIxMWQ1MC4xMzIzNTExMzQzOTIlMjEyZDguNTkzNjk1NTc0NDg0NyUyMTNmMjk3LjUwMjcyOTcwMzM2OTQlMjE0Zi0yMi43OTQ0NDk4MTQ0OTM4MDIlMjE1ZjAuNDAwMDAwMDAwMDAwMDAwMiUyMiUyMHdpZHRoJTNEJTIyNjAwJTIyJTIwaGVpZ2h0JTNEJTIyNDUwJTIyJTIwZnJhbWVib3JkZXIlM0QlMjIwJTIyJTIwc3R5bGUlM0QlMjJib3JkZXIlM0EwJTIyJTIwYWxsb3dmdWxsc2NyZWVuJTNFJTNDJTJGaWZyYW1lJTNFJTBBJTNDaWZyYW1lJTIwc3JjJTNEJTIyaHR0cHMlM0ElMkYlMkZ3d3cuZ29vZ2xlLmNvbSUyRm1hcHMlMkZlbWJlZCUzRnBiJTNEJTIxNHYxNTYzMTExMTExODcxJTIxNm04JTIxMW03JTIxMXNDQW9TTEVGR01WRnBjRkJsVGxOU09GcEJRVnBuVTB0SlRYTkVXVFpmYzNkMVoydGxhMGMxTmxsTFMwOVhZV1ZxJTIxMm0yJTIxMWQ1MC4xMzIxMDkyNTIwNiUyMTJkOC41OTM2NTg0MjIyNjYzJTIxM2YyMjIuNDQ3NTA5NjA4ODc3MTclMjE0Zi0xNy42ODkwODg5Mjc4MjIwODQlMjE1ZjAuNDAwMDAwMDAwMDAwMDAwMiUyMiUyMHdpZHRoJTNEJTIyNjAwJTIyJTIwaGVpZ2h0JTNEJTIyNDUwJTIyJTIwZnJhbWVib3JkZXIlM0QlMjIwJTIyJTIwc3R5bGUlM0QlMjJib3JkZXIlM0EwJTIyJTIwYWxsb3dmdWxsc2NyZWVuJTNFJTNDJTJGaWZyYW1lJTNFJTBBJTNDaWZyYW1lJTIwc3JjJTNEJTIyaHR0cHMlM0ElMkYlMkZ3d3cuZ29vZ2xlLmNvbSUyRm1hcHMlMkZlbWJlZCUzRnBiJTNEJTIxNHYxNTYzMTExMTM4MjM5JTIxNm04JTIxMW03JTIxMXNDQW9TTEVGR01WRnBjRTV1ZFZGaWJGTkVjV04wYnpWRVZGOU1TRXB4WmpOa1ZHSnVkMVJXZG01QlRrNTVWRVF3JTIxMm0yJTIxMWQ1MC4xMzI0MDQ2NzQxNTUlMjEyZDguNTkzNjgwNzQxMzM5OCUyMTNmMTU0Ljc0NTY2MDMxNTc3MDM4JTIxNGYtMTguNzUzMDUzOTAxOTc0NTk2JTIxNWYwLjQwMDAwMDAwMDAwMDAwMDIlMjIlMjB3aWR0aCUzRCUyMjYwMCUyMiUyMGhlaWdodCUzRCUyMjQ1MCUyMiUyMGZyYW1lYm9yZGVyJTNEJTIyMCUyMiUyMHN0eWxlJTNEJTIyYm9yZGVyJTNBMCUyMiUyMGFsbG93ZnVsbHNjcmVlbiUzRSUzQyUyRmlmcmFtZSUzRSUwQSUzQ2lmcmFtZSUyMHNyYyUzRCUyMmh0dHBzJTNBJTJGJTJGd3d3Lmdvb2dsZS5jb20lMkZtYXBzJTJGZW1iZWQlM0ZwYiUzRCUyMTR2MTU2MzExMTE3Mzc5OCUyMTZtOCUyMTFtNyUyMTFzQ0FvU0xFRkdNVkZwY0U4NVlXWkZXV3RqWWtoSlUwRnlhbWt4U3pGd1VsQTBVMjFEZFV3MFVFMWhhblZvTFZSWSUyMTJtMiUyMTFkNTAuMTMyMzA4NzQwMjg2JTIxMmQ4LjU5MzY3NDIyNjE3MzElMjEzZjEzOS40NzcxNDc3NzQ1MDkzNSUyMTRmLTExLjg0NDk1MTc4OTE4NjcyMyUyMTVmMC40MDAwMDAwMDAwMDAwMDAyJTIyJTIwd2lkdGglM0QlMjI2MDAlMjIlMjBoZWlnaHQlM0QlMjI0NTAlMjIlMjBmcmFtZWJvcmRlciUzRCUyMjAlMjIlMjBzdHlsZSUzRCUyMmJvcmRlciUzQTAlMjIlMjBhbGxvd2Z1bGxzY3JlZW4lM0UlM0MlMkZpZnJhbWUlM0UlMEElM0NpZnJhbWUlMjBzcmMlM0QlMjJodHRwcyUzQSUyRiUyRnd3dy5nb29nbGUuY29tJTJGbWFwcyUyRmVtYmVkJTNGcGIlM0QlMjE0djE1NjMxMTEyMDk5NTElMjE2bTglMjExbTclMjExc0NBb1NMRUZHTVZGcGNFNWZlRXBGUlUxTk9WbHVjbFJTY0c1M1kxRklkbVYyVFY5elkzcFRkVTFvTjBaWU9XRTIlMjEybTIlMjExZDUwLjEzMjQ5NTE5MzU1NSUyMTJkOC41OTM2NDg5NjUxMjQxJTIxM2YxNTguOTg2OTgxODgxNDg1NCUyMTRmLTIwLjMzNDc2NzY4MTExMzU0NyUyMTVmMC40MDAwMDAwMDAwMDAwMDAyJTIyJTIwd2lkdGglM0QlMjI2MDAlMjIlMjBoZWlnaHQlM0QlMjI0NTAlMjIlMjBmcmFtZWJvcmRlciUzRCUyMjAlMjIlMjBzdHlsZSUzRCUyMmJvcmRlciUzQTAlMjIlMjBhbGxvd2Z1bGxzY3JlZW4lM0UlM0MlMkZpZnJhbWUlM0UlMEElM0NpZnJhbWUlMjBzcmMlM0QlMjJodHRwcyUzQSUyRiUyRnd3dy5nb29nbGUuY29tJTJGbWFwcyUyRmVtYmVkJTNGcGIlM0QlMjE0djE1NjMxMTEyNjI0NTUlMjE2bTglMjExbTclMjExc0NBb1NMRUZHTVZGcGNFOXRVMjFKU2pWQlJuVkNhWHBzVm1sVGFIVnJia2hwZUhWdllubGtOVnByU0VGUk5ETnclMjEybTIlMjExZDUwLjEzMjM4MTIlMjEyZDguNTkzNjg4OSUyMTNmMTE0LjM4MjIwNjYxNzU5NDglMjE0Zi0xOC4xMTAyODgwMDA2MzQ1OTclMjE1ZjAuNDAwMDAwMDAwMDAwMDAwMiUyMiUyMHdpZHRoJTNEJTIyNjAwJTIyJTIwaGVpZ2h0JTNEJTIyNDUwJTIyJTIwZnJhbWVib3JkZXIlM0QlMjIwJTIyJTIwc3R5bGUlM0QlMjJib3JkZXIlM0EwJTIyJTIwYWxsb3dmdWxsc2NyZWVuJTNFJTNDJTJGaWZyYW1lJTNF[\/vc_raw_html][\/vc_column][vc_column width=&#8221;1\/2&#8243;][vc_raw_html]JTNDaWZyYW1lJTIwc3JjJTNEJTIyaHR0cHMlM0ElMkYlMkZ3d3cuZ29vZ2xlLmNvbSUyRm1hcHMlMkZlbWJlZCUzRnBiJTNEJTIxNHYxNTYzMTExMDEyMjkwJTIxNm04JTIxMW03JTIxMXNDQW9TTEVGR01WRnBjRkJ3VlZOeE5WYzJXbTAwZFhObFlWUTFWbTA0T1ZGd09IaFNjRmc1TjFkS1VuUlpiMHhxJTIxMm0yJTIxMWQ1MC4xMzIxNjAyMzY4NjIlMjEyZDguNTkzNzQwNzI4MDAwOSUyMTNmMjAzLjY4MTkwNTY2ODE3NjYlMjE0Zi04Ljg4NjEzMDA0OTU4MzQyOSUyMTVmMC40MDAwMDAwMDAwMDAwMDAyJTIyJTIwd2lkdGglM0QlMjI2MDAlMjIlMjBoZWlnaHQlM0QlMjI0NTAlMjIlMjBmcmFtZWJvcmRlciUzRCUyMjAlMjIlMjBzdHlsZSUzRCUyMmJvcmRlciUzQTAlMjIlMjBhbGxvd2Z1bGxzY3JlZW4lM0UlM0MlMkZpZnJhbWUlM0UlMEElM0NpZnJhbWUlMjBzcmMlM0QlMjJodHRwcyUzQSUyRiUyRnd3dy5nb29nbGUuY29tJTJGbWFwcyUyRmVtYmVkJTNGcGIlM0QlMjE0djE1NjMxMTExMjYyODclMjE2bTglMjExbTclMjExc0NBb1NMRUZHTVZGcGNFNUthbEZtZVhwdGNWSmZhbVp2UjBoWFV5MWtNbloxY3pSeWJrcHJNMHMzUm1sVGFtSnolMjEybTIlMjExZDUwLjEzMjQzNDElMjEyZDguNTkzNjcyJTIxM2YzLjA4NzA0MjYyOTYyNzg4OCUyMTRmLTIxLjQ2MDYyNzQzOTc3ODMyJTIxNWYwLjQwMDAwMDAwMDAwMDAwMDIlMjIlMjB3aWR0aCUzRCUyMjYwMCUyMiUyMGhlaWdodCUzRCUyMjQ1MCUyMiUyMGZyYW1lYm9yZGVyJTNEJTIyMCUyMiUyMHN0eWxlJTNEJTIyYm9yZGVyJTNBMCUyMiUyMGFsbG93ZnVsbHNjcmVlbiUzRSUzQyUyRmlmcmFtZSUzRSUwQSUzQ2lmcmFtZSUyMHNyYyUzRCUyMmh0dHBzJTNBJTJGJTJGd3d3Lmdvb2dsZS5jb20lMkZtYXBzJTJGZW1iZWQlM0ZwYiUzRCUyMTR2MTU2MzExMTE1ODUwMyUyMTZtOCUyMTFtNyUyMTFzQ0FvU0xFRkdNVkZwY0U5dFUyMUpTalZCUm5WQ2FYcHNWbWxUYUhWcmJraHBlSFZ2WW5sa05WcHJTRUZSTkROdyUyMTJtMiUyMTFkNTAuMTMyMzgxMiUyMTJkOC41OTM2ODg5JTIxM2Y4Mi4wMTYxMTU3MTk0Mjk4OSUyMTRmLTIwLjIxNjU0NjY1NzkxMjclMjE1ZjAuNDAwMDAwMDAwMDAwMDAwMiUyMiUyMHdpZHRoJTNEJTIyNjAwJTIyJTIwaGVpZ2h0JTNEJTIyNDUwJTIyJTIwZnJhbWVib3JkZXIlM0QlMjIwJTIyJTIwc3R5bGUlM0QlMjJib3JkZXIlM0EwJTIyJTIwYWxsb3dmdWxsc2NyZWVuJTNFJTNDJTJGaWZyYW1lJTNFJTBBJTNDaWZyYW1lJTIwc3JjJTNEJTIyaHR0cHMlM0ElMkYlMkZ3d3cuZ29vZ2xlLmNvbSUyRm1hcHMlMkZlbWJlZCUzRnBiJTNEJTIxNHYxNTYzMTExMTkwMTEwJTIxNm04JTIxMW03JTIxMXNDQW9TTEVGR01WRnBjRTlEVEZWeWVWcEVPRTVzWTFsWFZEVnVVRTF1VEVZeFZHNVFPVVpxUkUxalJqTmhXbkZwJTIxMm0yJTIxMWQ1MC4xMzI0NjcyNTQzNTglMjEyZDguNTkzNjYxNzA1NjE2OSUyMTNmMzI2LjkwNzQyMjA5ODgwMzA3JTIxNGYtMTkuNjE2MzU2MzQ5MzM1NTQ3JTIxNWYwLjQwMDAwMDAwMDAwMDAwMDIlMjIlMjB3aWR0aCUzRCUyMjYwMCUyMiUyMGhlaWdodCUzRCUyMjQ1MCUyMiUyMGZyYW1lYm9yZGVyJTNEJTIyMCUyMiUyMHN0eWxlJTNEJTIyYm9yZGVyJTNBMCUyMiUyMGFsbG93ZnVsbHNjcmVlbiUzRSUzQyUyRmlmcmFtZSUzRSUwQSUzQ2lmcmFtZSUyMHNyYyUzRCUyMmh0dHBzJTNBJTJGJTJGd3d3Lmdvb2dsZS5jb20lMkZtYXBzJTJGZW1iZWQlM0ZwYiUzRCUyMTR2MTU2MzExMTIzMTE3NCUyMTZtOCUyMTFtNyUyMTFzQ0FvU0xFRkdNVkZwY0U1bFRsWnlOVGRQZEdGb01sVmlNVTVvYTJsbVIyNVBORWhpU1dKaFgweG5ZMUZwVlZacyUyMTJtMiUyMTFkNTAuMTMyMjUwNzA1MjIzJTIxMmQ4LjU5MzcxODg5MzcxOTMlMjEzZjE3Mi44MTA2MjE0NTUwNjgzMSUyMTRmLTcuMjU2Nzk4MzE4NzI4MzU3JTIxNWYwLjQwMDAwMDAwMDAwMDAwMDIlMjIlMjB3aWR0aCUzRCUyMjYwMCUyMiUyMGhlaWdodCUzRCUyMjQ1MCUyMiUyMGZyYW1lYm9yZGVyJTNEJTIyMCUyMiUyMHN0eWxlJTNEJTIyYm9yZGVyJTNBMCUyMiUyMGFsbG93ZnVsbHNjcmVlbiUzRSUzQyUyRmlmcmFtZSUzRQ==[\/vc_raw_html][\/vc_column][\/vc_row][vc_row width=&#8221;full&#8221; bg_type=&#8221;image&#8221; bg_image_url=&#8221;483&#8243; bg_att=&#8221;fixed&#8221; overlay=&#8221;rgba(0,0,0,0.28)&#8221; p_top=&#8221;50&#8243; p_bottom=&#8221;50&#8243;][vc_column][vc_column_text c_id=&#8221;.vc_1448984583010&#8243;]<\/p>\n<h2 class=\"title-heading\" style=\"text-align: center;\"><span style=\"color: #ffffff;\">HOTEL DE AWARD 2014<\/span><\/h2>\n<h4 class=\"sub\" style=\"text-align: center;\"><span style=\"color: #ffffff;\">Garni Hotel R\u00f6delheimer Hof. 7,4<\/span><\/h4>\n<p><a href=\"http:\/\/www.hotel.de\/de\/garni-hotel-roedelheimer-hof\/hotel-176330\/\" target=\"_blank\" rel=\"noopener noreferrer\"><img decoding=\"async\" loading=\"lazy\" class=\"aligncenter size-full wp-image-490\" src=\"https:\/\/garni-hotel-roedelheimerhof.de\/wp-content\/uploads\/HDE.png\" alt=\"HDE\" width=\"300\" height=\"65\" \/><\/a>[\/vc_column_text][\/vc_column][\/vc_row][vc_row][vc_column][vc_column_text c_id=&#8221;.vc_1448984477613&#8243;]<em>*Preise sind variabel und k\u00f6nnen sich Saisonbedingt (Messen) \u00e4ndern. Anfragen zu Preisen und Verf\u00fcgbarkeiten nehmen wir gerne per E-Mail oder Telefon entgegen.<\/em><\/p>\n<p><em>**F\u00fcr Bus-und Gruppenreisende besteht die M\u00f6glichkeit Zimmer zu besonders g\u00fcnstigen Konditionen zu buchen. Gerne nehmen wir solche Anfragen direkt entgegen, um Ihnen das bestm\u00f6gliche Angebot zu erstellen. <\/em>[\/vc_column_text][\/vc_column][\/vc_row]<\/p>\n","protected":false},"excerpt":{"rendered":"<p>[vc_row][vc_column][vc_column_text c_id=&#8221;.vc_1542037191135&#8243;][\/vc_column_text][vc_column_text c_id=&#8221;.vc_1562600904502&#8243;] Direktbuchung: [\/vc_column_text][vc_column_text c_id=&#8221;.vc_1542037180354&#8243;] Unsere Hotelzimmer Einzelzimmer, Doppelzimmer, Mehrbettzimmer [\/vc_column_text][vc_column_text c_id=&#8221;.vc_1448984709393&#8243;]Mit seinen 38 modern eingerichteten G\u00e4stezimmern, darunter sowohl Einzel- und Doppelzimmer, als auch Dreibett- und Vierbettzimmer, steht jedem Gast ein passendes Zimmer zur Verf\u00fcgung. Die ger\u00e4umigen, hellen G\u00e4stezimmer im Garni Hotel R\u00f6delheimer Hof bieten Ihnen alle Annehmlichkeiten, die Sie f\u00fcr Ihre Freizeit- oder [&hellip;]<\/p>\n","protected":false},"author":1,"featured_media":0,"parent":7,"menu_order":0,"comment_status":"closed","ping_status":"open","template":"","meta":[],"aioseo_notices":[],"_links":{"self":[{"href":"https:\/\/garni-hotel-roedelheimerhof.de\/index.php?rest_route=\/wp\/v2\/pages\/231"}],"collection":[{"href":"https:\/\/garni-hotel-roedelheimerhof.de\/index.php?rest_route=\/wp\/v2\/pages"}],"about":[{"href":"https:\/\/garni-hotel-roedelheimerhof.de\/index.php?rest_route=\/wp\/v2\/types\/page"}],"author":[{"embeddable":true,"href":"https:\/\/garni-hotel-roedelheimerhof.de\/index.php?rest_route=\/wp\/v2\/users\/1"}],"replies":[{"embeddable":true,"href":"https:\/\/garni-hotel-roedelheimerhof.de\/index.php?rest_route=%2Fwp%2Fv2%2Fcomments&post=231"}],"version-history":[{"count":55,"href":"https:\/\/garni-hotel-roedelheimerhof.de\/index.php?rest_route=\/wp\/v2\/pages\/231\/revisions"}],"predecessor-version":[{"id":2573,"href":"https:\/\/garni-hotel-roedelheimerhof.de\/index.php?rest_route=\/wp\/v2\/pages\/231\/revisions\/2573"}],"up":[{"embeddable":true,"href":"https:\/\/garni-hotel-roedelheimerhof.de\/index.php?rest_route=\/wp\/v2\/pages\/7"}],"wp:attachment":[{"href":"https:\/\/garni-hotel-roedelheimerhof.de\/index.php?rest_route=%2Fwp%2Fv2%2Fmedia&parent=231"}],"curies":[{"name":"wp","href":"https:\/\/api.w.org\/{rel}","templated":true}]}}