{"id":2074,"date":"2019-07-17T09:55:02","date_gmt":"2019-07-17T09:55:02","guid":{"rendered":"https:\/\/garni-hotel-roedelheimerhof.de\/?page_id=2074"},"modified":"2019-07-17T10:04:12","modified_gmt":"2019-07-17T10:04:12","slug":"direktbuchung","status":"publish","type":"page","link":"https:\/\/garni-hotel-roedelheimerhof.de\/?page_id=2074","title":{"rendered":"Direktbuchung"},"content":{"rendered":"<p>[vc_row][vc_column width=&#8221;1\/2&#8243;][vc_single_image source=&#8221;media_library&#8221; image=&#8221;2077&#8243; alignment=&#8221;center&#8221; style=&#8221;vc_box_shadow_3d&#8221;][\/vc_column][vc_column width=&#8221;1\/2&#8243;][vc_column_text c_id=&#8221;.vc_1563357460397&#8243;]<\/p>\n<h2 style=\"text-align: center;\">Sparen Sie bis zu 10% auf Ihre Direktbuchung \u00fcber unsere Webseite!<\/h2>\n<p><strong>Bestpreisgarantie<\/strong><br \/>\nIhre Direktbuchung garantiert den besten Preis. Sie sparen bis zu 10% gegen\u00fcber den Buchungsplattformen. Ohne wenn und aber. Die angef\u00fchrten Preise sind garantierte Endpreise.<\/p>\n<p><strong>Mehr Zimmerkategorien als bei Buchungsplattformen<\/strong><br \/>\n\u00dcber die Direktbuchungsmaske erhalten Sie nicht nur den besten Preis, sondern auch die gr\u00f6\u00dfte Auswahl. Bei Direktbuchung sind garantiert alle verf\u00fcgbaren Zimmerkategorien buchbar.<\/p>\n<p><strong>Worauf Sie sich verlassen k\u00f6nnen<\/strong><br \/>\nWas wir zusagen, halten wir auch. Umgehend nach Ihrer Reservierung erhalten Sie Ihre pers\u00f6nliche Best\u00e4tigung mit allen besprochenen Details.[\/vc_column_text][ivan_button link=&#8221;#&#8221; target=&#8221;yes&#8221; size=&#8221;x-large&#8221; border_r=&#8221;square&#8221; display=&#8221;btn-block&#8221; align=&#8221;to-center&#8221; c_id=&#8221;.vc_1563357419519&#8243; btn_css=&#8221;font-family:roboto;font-weight:600;color:#ffffff;color-hover:#ffffff;background-color:#b26d30;background-color-hover:#b29477;&#8221; el_class=&#8221;d21-trigger-ibe&#8221;]Jetzt Buchen![\/ivan_button][\/vc_column][\/vc_row]<\/p>\n","protected":false},"excerpt":{"rendered":"<p>[vc_row][vc_column width=&#8221;1\/2&#8243;][vc_single_image source=&#8221;media_library&#8221; image=&#8221;2077&#8243; alignment=&#8221;center&#8221; style=&#8221;vc_box_shadow_3d&#8221;][\/vc_column][vc_column width=&#8221;1\/2&#8243;][vc_column_text c_id=&#8221;.vc_1563357460397&#8243;] Sparen Sie bis zu 10% auf Ihre Direktbuchung \u00fcber unsere Webseite! Bestpreisgarantie Ihre Direktbuchung garantiert den besten Preis. Sie sparen bis zu 10% gegen\u00fcber den Buchungsplattformen. Ohne wenn und aber. Die angef\u00fchrten Preise sind garantierte Endpreise. Mehr Zimmerkategorien als bei Buchungsplattformen \u00dcber die Direktbuchungsmaske erhalten Sie nicht [&hellip;]<\/p>\n","protected":false},"author":1,"featured_media":0,"parent":390,"menu_order":0,"comment_status":"closed","ping_status":"closed","template":"","meta":[],"aioseo_notices":[],"_links":{"self":[{"href":"https:\/\/garni-hotel-roedelheimerhof.de\/index.php?rest_route=\/wp\/v2\/pages\/2074"}],"collection":[{"href":"https:\/\/garni-hotel-roedelheimerhof.de\/index.php?rest_route=\/wp\/v2\/pages"}],"about":[{"href":"https:\/\/garni-hotel-roedelheimerhof.de\/index.php?rest_route=\/wp\/v2\/types\/page"}],"author":[{"embeddable":true,"href":"https:\/\/garni-hotel-roedelheimerhof.de\/index.php?rest_route=\/wp\/v2\/users\/1"}],"replies":[{"embeddable":true,"href":"https:\/\/garni-hotel-roedelheimerhof.de\/index.php?rest_route=%2Fwp%2Fv2%2Fcomments&post=2074"}],"version-history":[{"count":4,"href":"https:\/\/garni-hotel-roedelheimerhof.de\/index.php?rest_route=\/wp\/v2\/pages\/2074\/revisions"}],"predecessor-version":[{"id":2082,"href":"https:\/\/garni-hotel-roedelheimerhof.de\/index.php?rest_route=\/wp\/v2\/pages\/2074\/revisions\/2082"}],"up":[{"embeddable":true,"href":"https:\/\/garni-hotel-roedelheimerhof.de\/index.php?rest_route=\/wp\/v2\/pages\/390"}],"wp:attachment":[{"href":"https:\/\/garni-hotel-roedelheimerhof.de\/index.php?rest_route=%2Fwp%2Fv2%2Fmedia&parent=2074"}],"curies":[{"name":"wp","href":"https:\/\/api.w.org\/{rel}","templated":true}]}}