{"id":201,"date":"2013-09-06T11:12:56","date_gmt":"2013-09-06T11:12:56","guid":{"rendered":"https:\/\/garni-hotel-roedelheimerhof.de\/?page_id=201"},"modified":"2015-12-02T15:57:29","modified_gmt":"2015-12-02T15:57:29","slug":"agb","status":"publish","type":"page","link":"https:\/\/garni-hotel-roedelheimerhof.de\/?page_id=201","title":{"rendered":"AGB"},"content":{"rendered":"<h1>Allgemeine Gesch\u00e4ftsbedingungen<\/h1>\n<p><b>Standardbuchungen<\/b><\/p>\n<p>Sind bis 12:00 Uhr Vormittags am Anreisetag kostenfrei stornierbar.Sp\u00e4tere Stornierungen k\u00f6nnen mit 90 % des Gesamtbetrages berechnet werden.<br \/>\nBei Nichtanreise sind wir berechtigt bis zu 100 % der Gesamtsumme zu berechnen.<\/p>\n<p><b>Gruppenbuchungen<\/b><\/p>\n<p>Sind Reservierungen ab 6 Zimmer. Diese sind ( ausserhalb der Messezeiten) bis 21 Tagevor Anreise kostenfrei stornierbar, danach sind wir berechtigt bis zu 90% der Gesamtsumme zu berechnen. Ausnahme :10 % der gebuchten Zimmer sind bis zu 3 Tage vor Anreise kostenfrei stornierbar ( ausserhalb der Messezeiten).<\/p>\n<p><b>Messebuchungen<\/b><\/p>\n<p>Sind bis 60 Tage vor Anreise kostenfrei stornierbar.Bei Nichtanreise oder versp\u00e4teten Stornierungen berechnen wir 80 % der Gesamtsumme. Wir behalten uns vor, dass wir f\u00fcr Buchungen w\u00e4hrend Messezeitr\u00e4umen einen Preiszuschlag erheben.<\/p>\n<p>Messe- und Gruppenreservierungen sind generell mit einer g\u00fcltigen Kreditkarte oder einer von uns anerkannten Kosten\u00fcbernahme der buchenden Person zu hinterlegen. Nach Ablauf der Stornierungsfrist sind wir berechtigt bis zu 50% der Kreditkarte zu belasten, bzw. eine Vorausrechnung zu erstellen.<\/p>\n<p>Alle Reservierungen werden von uns schriftlich mit dem Hinweis auf die jeweils geltenden Stornierungbedingungen best\u00e4tigt.<\/p>\n<p>F\u00fcr Reservierungen die \u00fcber Buchungsportale erfolgen, gelten die jeweiligen vereinbarten Bedingungen. Abweichende Vereinbarungen bed\u00fcrfen der Schriftform.<\/p>\n<p>Verfr\u00fchte Abreisen k\u00f6nnen mit 100% der restlichen \u00dcbernachtungen berechnet werden.<br \/>\nGebuchte Zimmer stehen unseren G\u00e4sten am Anreisetag ab 14:00 Uhr, am Abreisetag bis 12:00 Uhr zur Verf\u00fcgung.<\/p>\n<p>Wenn nicht anders vereinbart gelten die Bestimmungen der Allgemeinen Gesch\u00e4ftsbedingungen.<\/p>\n<p>Unsere Preise sind variabel und Saisonbedingt.<\/p>\n<div style=\"float: right; text-align: center;\">Download als PDF:<a href=\"\/wp-content\/uploads\/agb-english.pdf\" target=\"_blank\"><img decoding=\"async\" loading=\"lazy\" class=\"alignnone size-thumbnail wp-image-209\" style=\"border: 0; box-shadow: none;\" src=\"https:\/\/garni-hotel-roedelheimerhof.de\/wp-content\/uploads\/pdf-150x150.png\" alt=\"pdf\" width=\"50\" height=\"50\" srcset=\"https:\/\/garni-hotel-roedelheimerhof.de\/wp-content\/uploads\/pdf-150x150.png 150w, https:\/\/garni-hotel-roedelheimerhof.de\/wp-content\/uploads\/pdf-300x300.png 300w, https:\/\/garni-hotel-roedelheimerhof.de\/wp-content\/uploads\/pdf.png 512w\" sizes=\"(max-width: 50px) 100vw, 50px\" \/><br \/>\nenglish version<\/a><\/div>\n<div style=\"float: right; text-align: center;\">Download als PDF:<a href=\"\/wp-content\/uploads\/agb-deutsch.pdf\" target=\"_blank\"><img decoding=\"async\" loading=\"lazy\" class=\"alignnone size-thumbnail wp-image-209\" style=\"border: 0; box-shadow: none;\" src=\"https:\/\/garni-hotel-roedelheimerhof.de\/wp-content\/uploads\/pdf-150x150.png\" alt=\"pdf\" width=\"50\" height=\"50\" srcset=\"https:\/\/garni-hotel-roedelheimerhof.de\/wp-content\/uploads\/pdf-150x150.png 150w, https:\/\/garni-hotel-roedelheimerhof.de\/wp-content\/uploads\/pdf-300x300.png 300w, https:\/\/garni-hotel-roedelheimerhof.de\/wp-content\/uploads\/pdf.png 512w\" sizes=\"(max-width: 50px) 100vw, 50px\" \/><br \/>\ndeutsche Version<\/a><\/div>\n<p>Gerichtsstand ist Frankfurt am Main<br \/>\nFrankfurt 04.01.2010<\/p>\n","protected":false},"excerpt":{"rendered":"<p>Allgemeine Gesch\u00e4ftsbedingungen Standardbuchungen Sind bis 12:00 Uhr Vormittags am Anreisetag kostenfrei stornierbar.Sp\u00e4tere Stornierungen k\u00f6nnen mit 90 % des Gesamtbetrages berechnet werden. Bei Nichtanreise sind wir berechtigt bis zu 100 % der Gesamtsumme zu berechnen. Gruppenbuchungen Sind Reservierungen ab 6 Zimmer. Diese sind ( ausserhalb der Messezeiten) bis 21 Tagevor Anreise kostenfrei stornierbar, danach sind wir [&hellip;]<\/p>\n","protected":false},"author":1,"featured_media":0,"parent":0,"menu_order":8,"comment_status":"closed","ping_status":"open","template":"","meta":[],"aioseo_notices":[],"_links":{"self":[{"href":"https:\/\/garni-hotel-roedelheimerhof.de\/index.php?rest_route=\/wp\/v2\/pages\/201"}],"collection":[{"href":"https:\/\/garni-hotel-roedelheimerhof.de\/index.php?rest_route=\/wp\/v2\/pages"}],"about":[{"href":"https:\/\/garni-hotel-roedelheimerhof.de\/index.php?rest_route=\/wp\/v2\/types\/page"}],"author":[{"embeddable":true,"href":"https:\/\/garni-hotel-roedelheimerhof.de\/index.php?rest_route=\/wp\/v2\/users\/1"}],"replies":[{"embeddable":true,"href":"https:\/\/garni-hotel-roedelheimerhof.de\/index.php?rest_route=%2Fwp%2Fv2%2Fcomments&post=201"}],"version-history":[{"count":16,"href":"https:\/\/garni-hotel-roedelheimerhof.de\/index.php?rest_route=\/wp\/v2\/pages\/201\/revisions"}],"predecessor-version":[{"id":654,"href":"https:\/\/garni-hotel-roedelheimerhof.de\/index.php?rest_route=\/wp\/v2\/pages\/201\/revisions\/654"}],"wp:attachment":[{"href":"https:\/\/garni-hotel-roedelheimerhof.de\/index.php?rest_route=%2Fwp%2Fv2%2Fmedia&parent=201"}],"curies":[{"name":"wp","href":"https:\/\/api.w.org\/{rel}","templated":true}]}}