{"id":15,"date":"2013-09-03T07:48:15","date_gmt":"2013-09-03T07:48:15","guid":{"rendered":"https:\/\/garni-hotel-roedelheimerhof.de\/?page_id=15"},"modified":"2018-11-12T15:50:35","modified_gmt":"2018-11-12T15:50:35","slug":"anreise-lage","status":"publish","type":"page","link":"https:\/\/garni-hotel-roedelheimerhof.de\/?page_id=15","title":{"rendered":"Anreise \/ Lage"},"content":{"rendered":"<p>[vc_row width=&#8221;no_cols_margin&#8221; p_top=&#8221;0&#8243; m_bottom=&#8221;80&#8243;][vc_column width=&#8221;1\/1&#8243;][vc_column_text c_id=&#8221;.vc_1542037830971&#8243;]<\/p>\n<div align=\"center\"><iframe loading=\"lazy\" style=\"border: 0;\" src=\"https:\/\/www.google.com\/maps\/embed?pb=!1m18!1m12!1m3!1d2557.5378173643257!2d8.591361315719885!3d50.13236997943274!2m3!1f0!2f0!3f0!3m2!1i1024!2i768!4f13.1!3m3!1m2!1s0x47bd09eab8cef817%3A0xd5b6602fbb5c8d55!2sGarni+Hotel+R%C3%B6delheimer+Hof!5e0!3m2!1sde!2sde!4v1542037749226\" width=\"1200\" height=\"450\" frameborder=\"0\" allowfullscreen=\"allowfullscreen\"><\/iframe><\/div>\n<p>[\/vc_column_text][\/vc_column][\/vc_row][vc_row][vc_column width=&#8221;2\/3&#8243;][vc_column_text c_id=&#8221;.vc_1449070338025&#8243;]<\/p>\n<h3>Anreise zum Garni Hotel R\u00f6delheimer Hof<\/h3>\n<h2>Anfahrt PKW<\/h2>\n<p>A5 von S\u00fcden: \u00fcber Frankfurter Kreuz. Ausfahrt Nordwestkreuz, Abfahrt R\u00f6delheim\/Eschborn. Rechts abbiegen auf die Lorscher Stra\u00dfe, der Stra\u00dfe 200 m folgen und dann bei der ersten M\u00f6glichkeit wieder rechts abbiegen in die Friedrich-Kahl-Stra\u00dfe.<\/p>\n<p>A5 von Noden: Ausfahrt Nordwestkreuz, Abfahrt Eschborn. Sofort ins Gewerbegebiet Ost (Gro\u00dfm\u00e4rkte) abbiegen und an der Ampel eine 180-Kehre machen. Dann links halten in Richtung R\u00f6delheim.<br \/>\nSie befinden sich auf der Loscher Stra\u00dfe. Jetzt 2. Einfahrt links in die Friedrich-Kahl-Stra\u00dfe einbiegen.<\/p>\n<h2>\u00d6ffentliche Verkehrsmittel<\/h2>\n<p>Vom Frankfurter Hauptbahnhof: S-3 Richtung Bad Soden, S-4 Richtung Kronberg oder S-5 Richtung Friedrichsdorf, bis Haltestelle R\u00f6delheim. Von dort aus betr\u00e4gt der Fussweg ca 15 Min. oder mit der Buslinie 252 bis zur Haltestelle Friedrich-Kahl-Stra\u00dfe. Alternativ ein Taxi vom Bahnhof R\u00f6delheim zum Hotel, (Kosten ca. 6,00\u20ac). <i>Geben Sie dem Taxifahrer bitte unbedingt den Namen des Hotels und zus\u00e4tzlich unsere Stra\u00dfe an: Friedrich-Kahl Str. 22a<\/i><\/p>\n<p><b>Adresse:<\/b><\/p>\n<p>Garni Hotel R\u00f6delheimer Hof<br \/>\nFriedrich Kahl Str. 22a<br \/>\n60489 Frankfurt am Main[\/vc_column_text][\/vc_column][vc_column width=&#8221;1\/3&#8243;][vc_column_text c_id=&#8221;.vc_1449070238856&#8243;]<\/p>\n<h3>Entfernungen<\/h3>\n<ul>\n<li>Messe <strong>3,5km<\/strong><\/li>\n<li>Hauptbahnhof <strong>4,5 km<\/strong><\/li>\n<li>Flughafen <strong>12 km<\/strong><\/li>\n<li>Stadtzentrum <strong>5,5 km<\/strong><\/li>\n<li>Frankfurt B\u00f6rse: <strong>~5,5 km<\/strong><\/li>\n<li>R\u00f6delheim <strong>1 km<\/strong><\/li>\n<li>Ffm R\u00f6delheim (S-bahn) <strong>1 km<\/strong><\/li>\n<li>Eschborn <strong>2 km<\/strong><\/li>\n<li>Eschborn S\u00fcd (S-bahn) <strong>2 km<\/strong><\/li>\n<li>Finanzplatz Eschborn <strong>3,5km<\/strong><\/li>\n<li>Schwalbach <strong>~3,5 km<\/strong><\/li>\n<li>Kronberg <strong>~4,5 km<\/strong><\/li>\n<li>Autobahn A5, A3 und A661 <strong>1 km<\/strong><\/li>\n<\/ul>\n<p>[\/vc_column_text][\/vc_column][\/vc_row]<\/p>\n","protected":false},"excerpt":{"rendered":"<p>[vc_row width=&#8221;no_cols_margin&#8221; p_top=&#8221;0&#8243; m_bottom=&#8221;80&#8243;][vc_column width=&#8221;1\/1&#8243;][vc_column_text c_id=&#8221;.vc_1542037830971&#8243;] [\/vc_column_text][\/vc_column][\/vc_row][vc_row][vc_column width=&#8221;2\/3&#8243;][vc_column_text c_id=&#8221;.vc_1449070338025&#8243;] Anreise zum Garni Hotel R\u00f6delheimer Hof Anfahrt PKW A5 von S\u00fcden: \u00fcber Frankfurter Kreuz. Ausfahrt Nordwestkreuz, Abfahrt R\u00f6delheim\/Eschborn. Rechts abbiegen auf die Lorscher Stra\u00dfe, der Stra\u00dfe 200 m folgen und dann bei der ersten M\u00f6glichkeit wieder rechts abbiegen in die Friedrich-Kahl-Stra\u00dfe. A5 von Noden: Ausfahrt Nordwestkreuz, [&hellip;]<\/p>\n","protected":false},"author":1,"featured_media":0,"parent":0,"menu_order":5,"comment_status":"closed","ping_status":"open","template":"","meta":[],"aioseo_notices":[],"_links":{"self":[{"href":"https:\/\/garni-hotel-roedelheimerhof.de\/index.php?rest_route=\/wp\/v2\/pages\/15"}],"collection":[{"href":"https:\/\/garni-hotel-roedelheimerhof.de\/index.php?rest_route=\/wp\/v2\/pages"}],"about":[{"href":"https:\/\/garni-hotel-roedelheimerhof.de\/index.php?rest_route=\/wp\/v2\/types\/page"}],"author":[{"embeddable":true,"href":"https:\/\/garni-hotel-roedelheimerhof.de\/index.php?rest_route=\/wp\/v2\/users\/1"}],"replies":[{"embeddable":true,"href":"https:\/\/garni-hotel-roedelheimerhof.de\/index.php?rest_route=%2Fwp%2Fv2%2Fcomments&post=15"}],"version-history":[{"count":50,"href":"https:\/\/garni-hotel-roedelheimerhof.de\/index.php?rest_route=\/wp\/v2\/pages\/15\/revisions"}],"predecessor-version":[{"id":1725,"href":"https:\/\/garni-hotel-roedelheimerhof.de\/index.php?rest_route=\/wp\/v2\/pages\/15\/revisions\/1725"}],"wp:attachment":[{"href":"https:\/\/garni-hotel-roedelheimerhof.de\/index.php?rest_route=%2Fwp%2Fv2%2Fmedia&parent=15"}],"curies":[{"name":"wp","href":"https:\/\/api.w.org\/{rel}","templated":true}]}}